{"id":227813,"date":"2025-06-10T10:34:42","date_gmt":"2025-06-10T08:34:42","guid":{"rendered":"https:\/\/copenhagensprint.com\/availability\/"},"modified":"2025-06-11T21:27:15","modified_gmt":"2025-06-11T19:27:15","slug":"availability","status":"publish","type":"page","link":"https:\/\/copenhagensprint.com\/en\/availability\/","title":{"rendered":"Availability"},"content":{"rendered":"<p>[et_pb_section fb_built=&#8221;1&#8243; _builder_version=&#8221;4.27.4&#8243; _module_preset=&#8221;default&#8221; background_image=&#8221;https:\/\/copenhagensprint.com\/wp-content\/uploads\/2025\/04\/DSC2665-scaled-e1745592436382.jpg&#8221; background_position=&#8221;top_center&#8221; background_vertical_offset=&#8221;33%&#8221; background_enable_video_mp4=&#8221;off&#8221; height=&#8221;52vh&#8221; height_tablet=&#8221;35vh&#8221; height_phone=&#8221;30vh&#8221; height_last_edited=&#8221;on|phone&#8221; global_colors_info=&#8221;{}&#8221;][\/et_pb_section][et_pb_section fb_built=&#8221;1&#8243; _builder_version=&#8221;4.27.4&#8243; _module_preset=&#8221;default&#8221; global_colors_info=&#8221;{}&#8221;][et_pb_row _builder_version=&#8221;4.27.4&#8243; _module_preset=&#8221;default&#8221; global_colors_info=&#8221;{}&#8221;][et_pb_column type=&#8221;4_4&#8243; _builder_version=&#8221;4.25.1&#8243; _module_preset=&#8221;default&#8221; global_colors_info=&#8221;{}&#8221;][et_pb_text _builder_version=&#8221;4.27.4&#8243; _module_preset=&#8221;default&#8221; header_font=&#8221;|&#8211;et_global_heading_font_weight|||||||&#8221; header_line_height=&#8221;1.2em&#8221; header_2_font=&#8221;|&#8211;et_global_heading_font_weight|||||||&#8221; header_2_font_size=&#8221;30px&#8221; header_2_line_height=&#8221;1.2em&#8221; max_width=&#8221;60%&#8221; max_width_tablet=&#8221;100%&#8221; max_width_phone=&#8221;100%&#8221; max_width_last_edited=&#8221;on|desktop&#8221; module_alignment=&#8221;center&#8221; global_colors_info=&#8221;{}&#8221;]<\/p>\n<h1><b><span data-contrast=\"auto\">Availability<\/span><\/b><\/h1>\n<p>[\/et_pb_text][et_pb_text _builder_version=&#8221;4.27.4&#8243; _module_preset=&#8221;default&#8221; header_2_font=&#8221;|&#8211;et_global_heading_font_weight|||||||&#8221; header_2_font_size=&#8221;16px&#8221; header_2_line_height=&#8221;1.5em&#8221; max_width=&#8221;60%&#8221; max_width_tablet=&#8221;100%&#8221; max_width_phone=&#8221;100%&#8221; max_width_last_edited=&#8221;on|desktop&#8221; module_alignment=&#8221;center&#8221; hover_enabled=&#8221;0&#8243; global_colors_info=&#8221;{}&#8221; sticky_enabled=&#8221;0&#8243;]<\/p>\n<p class=\"x_elementToProof\">We want all guests to feel welcome and have the opportunity to experience Copenhagen Sprint. Therefore, we are continuously working to introduce new initiatives to increase accessibility. <\/p>\n<p>Copenhagen Sprint&#8217;s cycling festival in \u00d8stre Anl\u00e6g takes place in the park on gravel paths and lawn. The cycling festival is free for all participants. Service dogs are welcome.    <\/p>\n<p class=\"x_elementToProof\">You can arrive at the cycling festival by public transport via \u00d8sterport Station (distance 1.5 km) or N\u00f8rreport Station (800m) of \u00d8ster Voldgade, where you can use pavements and cycle paths.  <\/p>\n<p class=\"x_elementToProof\">There is a disabled toilet in the cycling festival.  <\/p>\n<p class=\"x_elementToProof\">It is possible to enjoy your own food on the bike festival grounds.  <\/p>\n<p class=\"x_elementToProof\">It is possible to pull away from the cycling festival by walking further into the park up towards Dag Hammerskj\u00f6lds All\u00e9. Here you can retreat a bit and recharge to be in the crowd again. There are benches in the park that can be used for rest.    <\/p>\n<p class=\"x_elementToProof\">If you have special needs or questions regarding your participation, you are very welcome to contact us in advance so that we can ensure the best possible experience &#8211; <a href=\"mailto:info@copenhagensprint.com\">Contact us by email here<\/a><\/p>\n<p>[\/et_pb_text][\/et_pb_column][\/et_pb_row][\/et_pb_section]<\/p>\n","protected":false},"excerpt":{"rendered":"<p>AvailabilityWe want all guests to feel welcome and have the opportunity to experience Copenhagen Sprint. Therefore, we are continuously working to introduce new initiatives to increase accessibility. Copenhagen Sprint&#8217;s cycling [&hellip;]<\/p>\n","protected":false},"author":5,"featured_media":226983,"parent":0,"menu_order":0,"comment_status":"closed","ping_status":"closed","template":"","meta":{"_acf_changed":false,"_et_pb_use_builder":"on","_et_pb_old_content":"","_et_gb_content_width":"","inline_featured_image":false,"footnotes":""},"class_list":["post-227813","page","type-page","status-publish","has-post-thumbnail","hentry"],"acf":[],"yoast_head":"<!-- This site is optimized with the Yoast SEO plugin v24.6 - https:\/\/yoast.com\/wordpress\/plugins\/seo\/ -->\n<title>Availability - Copenhagen Sprint<\/title>\n<meta name=\"robots\" content=\"index, follow, max-snippet:-1, max-image-preview:large, max-video-preview:-1\" \/>\n<link rel=\"canonical\" href=\"https:\/\/copenhagensprint.com\/en\/availability\/\" \/>\n<meta property=\"og:locale\" content=\"en_US\" \/>\n<meta property=\"og:type\" content=\"article\" \/>\n<meta property=\"og:title\" content=\"Availability - Copenhagen Sprint\" \/>\n<meta property=\"og:description\" content=\"AvailabilityWe want all guests to feel welcome and have the opportunity to experience Copenhagen Sprint. Therefore, we are continuously working to introduce new initiatives to increase accessibility. Copenhagen Sprint&#039;s cycling [&hellip;]\" \/>\n<meta property=\"og:url\" content=\"https:\/\/copenhagensprint.com\/en\/availability\/\" \/>\n<meta property=\"og:site_name\" content=\"Copenhagen Sprint\" \/>\n<meta property=\"article:publisher\" content=\"https:\/\/www.facebook.com\/copenhagensprint\" \/>\n<meta property=\"article:modified_time\" content=\"2025-06-11T19:27:15+00:00\" \/>\n<meta property=\"og:image\" content=\"https:\/\/copenhagensprint.com\/wp-content\/uploads\/2025\/04\/D8I3302-kopier-scaled.jpg\" \/>\n\t<meta property=\"og:image:width\" content=\"2560\" \/>\n\t<meta property=\"og:image:height\" content=\"1707\" \/>\n\t<meta property=\"og:image:type\" content=\"image\/jpeg\" \/>\n<meta name=\"twitter:card\" content=\"summary_large_image\" \/>\n<meta name=\"twitter:site\" content=\"@cphsprint\" \/>\n<meta name=\"twitter:label1\" content=\"Est. reading time\" \/>\n\t<meta name=\"twitter:data1\" content=\"2 minutes\" \/>\n<script type=\"application\/ld+json\" class=\"yoast-schema-graph\">{\"@context\":\"https:\/\/schema.org\",\"@graph\":[{\"@type\":\"WebPage\",\"@id\":\"https:\/\/copenhagensprint.com\/en\/availability\/\",\"url\":\"https:\/\/copenhagensprint.com\/en\/availability\/\",\"name\":\"Availability - Copenhagen Sprint\",\"isPartOf\":{\"@id\":\"https:\/\/copenhagensprint.com\/en\/#website\"},\"primaryImageOfPage\":{\"@id\":\"https:\/\/copenhagensprint.com\/en\/availability\/#primaryimage\"},\"image\":{\"@id\":\"https:\/\/copenhagensprint.com\/en\/availability\/#primaryimage\"},\"thumbnailUrl\":\"https:\/\/copenhagensprint.com\/wp-content\/uploads\/2025\/04\/D8I3302-kopier-scaled.jpg\",\"datePublished\":\"2025-06-10T08:34:42+00:00\",\"dateModified\":\"2025-06-11T19:27:15+00:00\",\"breadcrumb\":{\"@id\":\"https:\/\/copenhagensprint.com\/en\/availability\/#breadcrumb\"},\"inLanguage\":\"en-US\",\"potentialAction\":[{\"@type\":\"ReadAction\",\"target\":[\"https:\/\/copenhagensprint.com\/en\/availability\/\"]}]},{\"@type\":\"ImageObject\",\"inLanguage\":\"en-US\",\"@id\":\"https:\/\/copenhagensprint.com\/en\/availability\/#primaryimage\",\"url\":\"https:\/\/copenhagensprint.com\/wp-content\/uploads\/2025\/04\/D8I3302-kopier-scaled.jpg\",\"contentUrl\":\"https:\/\/copenhagensprint.com\/wp-content\/uploads\/2025\/04\/D8I3302-kopier-scaled.jpg\",\"width\":2560,\"height\":1707,\"caption\":\"Mennesker hepper p\u00e5 cykelryttere fra Sankt Hans Torv under Tour de France\"},{\"@type\":\"BreadcrumbList\",\"@id\":\"https:\/\/copenhagensprint.com\/en\/availability\/#breadcrumb\",\"itemListElement\":[{\"@type\":\"ListItem\",\"position\":1,\"name\":\"Home\",\"item\":\"https:\/\/copenhagensprint.com\/en\/\"},{\"@type\":\"ListItem\",\"position\":2,\"name\":\"Availability\"}]},{\"@type\":\"WebSite\",\"@id\":\"https:\/\/copenhagensprint.com\/en\/#website\",\"url\":\"https:\/\/copenhagensprint.com\/en\/\",\"name\":\"Copenhagen Sprint\",\"description\":\"World Tour-cykell\u00f8b\",\"publisher\":{\"@id\":\"https:\/\/copenhagensprint.com\/en\/#organization\"},\"potentialAction\":[{\"@type\":\"SearchAction\",\"target\":{\"@type\":\"EntryPoint\",\"urlTemplate\":\"https:\/\/copenhagensprint.com\/en\/?s={search_term_string}\"},\"query-input\":{\"@type\":\"PropertyValueSpecification\",\"valueRequired\":true,\"valueName\":\"search_term_string\"}}],\"inLanguage\":\"en-US\"},{\"@type\":\"Organization\",\"@id\":\"https:\/\/copenhagensprint.com\/en\/#organization\",\"name\":\"Copenhagen Sprint\",\"url\":\"https:\/\/copenhagensprint.com\/en\/\",\"logo\":{\"@type\":\"ImageObject\",\"inLanguage\":\"en-US\",\"@id\":\"https:\/\/copenhagensprint.com\/en\/#\/schema\/logo\/image\/\",\"url\":\"https:\/\/copenhagensprint.com\/wp-content\/uploads\/2024\/06\/chp_loog.svg\",\"contentUrl\":\"https:\/\/copenhagensprint.com\/wp-content\/uploads\/2024\/06\/chp_loog.svg\",\"width\":1,\"height\":1,\"caption\":\"Copenhagen Sprint\"},\"image\":{\"@id\":\"https:\/\/copenhagensprint.com\/en\/#\/schema\/logo\/image\/\"},\"sameAs\":[\"https:\/\/www.facebook.com\/copenhagensprint\",\"https:\/\/x.com\/cphsprint\",\"https:\/\/www.instagram.com\/cphsprint\/\"]}]}<\/script>\n<!-- \/ Yoast SEO plugin. -->","yoast_head_json":{"title":"Availability - Copenhagen Sprint","robots":{"index":"index","follow":"follow","max-snippet":"max-snippet:-1","max-image-preview":"max-image-preview:large","max-video-preview":"max-video-preview:-1"},"canonical":"https:\/\/copenhagensprint.com\/en\/availability\/","og_locale":"en_US","og_type":"article","og_title":"Availability - Copenhagen Sprint","og_description":"AvailabilityWe want all guests to feel welcome and have the opportunity to experience Copenhagen Sprint. Therefore, we are continuously working to introduce new initiatives to increase accessibility. Copenhagen Sprint's cycling [&hellip;]","og_url":"https:\/\/copenhagensprint.com\/en\/availability\/","og_site_name":"Copenhagen Sprint","article_publisher":"https:\/\/www.facebook.com\/copenhagensprint","article_modified_time":"2025-06-11T19:27:15+00:00","og_image":[{"width":2560,"height":1707,"url":"https:\/\/copenhagensprint.com\/wp-content\/uploads\/2025\/04\/D8I3302-kopier-scaled.jpg","type":"image\/jpeg"}],"twitter_card":"summary_large_image","twitter_site":"@cphsprint","twitter_misc":{"Est. reading time":"2 minutes"},"schema":{"@context":"https:\/\/schema.org","@graph":[{"@type":"WebPage","@id":"https:\/\/copenhagensprint.com\/en\/availability\/","url":"https:\/\/copenhagensprint.com\/en\/availability\/","name":"Availability - Copenhagen Sprint","isPartOf":{"@id":"https:\/\/copenhagensprint.com\/en\/#website"},"primaryImageOfPage":{"@id":"https:\/\/copenhagensprint.com\/en\/availability\/#primaryimage"},"image":{"@id":"https:\/\/copenhagensprint.com\/en\/availability\/#primaryimage"},"thumbnailUrl":"https:\/\/copenhagensprint.com\/wp-content\/uploads\/2025\/04\/D8I3302-kopier-scaled.jpg","datePublished":"2025-06-10T08:34:42+00:00","dateModified":"2025-06-11T19:27:15+00:00","breadcrumb":{"@id":"https:\/\/copenhagensprint.com\/en\/availability\/#breadcrumb"},"inLanguage":"en-US","potentialAction":[{"@type":"ReadAction","target":["https:\/\/copenhagensprint.com\/en\/availability\/"]}]},{"@type":"ImageObject","inLanguage":"en-US","@id":"https:\/\/copenhagensprint.com\/en\/availability\/#primaryimage","url":"https:\/\/copenhagensprint.com\/wp-content\/uploads\/2025\/04\/D8I3302-kopier-scaled.jpg","contentUrl":"https:\/\/copenhagensprint.com\/wp-content\/uploads\/2025\/04\/D8I3302-kopier-scaled.jpg","width":2560,"height":1707,"caption":"Mennesker hepper p\u00e5 cykelryttere fra Sankt Hans Torv under Tour de France"},{"@type":"BreadcrumbList","@id":"https:\/\/copenhagensprint.com\/en\/availability\/#breadcrumb","itemListElement":[{"@type":"ListItem","position":1,"name":"Home","item":"https:\/\/copenhagensprint.com\/en\/"},{"@type":"ListItem","position":2,"name":"Availability"}]},{"@type":"WebSite","@id":"https:\/\/copenhagensprint.com\/en\/#website","url":"https:\/\/copenhagensprint.com\/en\/","name":"Copenhagen Sprint","description":"World Tour-cykell\u00f8b","publisher":{"@id":"https:\/\/copenhagensprint.com\/en\/#organization"},"potentialAction":[{"@type":"SearchAction","target":{"@type":"EntryPoint","urlTemplate":"https:\/\/copenhagensprint.com\/en\/?s={search_term_string}"},"query-input":{"@type":"PropertyValueSpecification","valueRequired":true,"valueName":"search_term_string"}}],"inLanguage":"en-US"},{"@type":"Organization","@id":"https:\/\/copenhagensprint.com\/en\/#organization","name":"Copenhagen Sprint","url":"https:\/\/copenhagensprint.com\/en\/","logo":{"@type":"ImageObject","inLanguage":"en-US","@id":"https:\/\/copenhagensprint.com\/en\/#\/schema\/logo\/image\/","url":"https:\/\/copenhagensprint.com\/wp-content\/uploads\/2024\/06\/chp_loog.svg","contentUrl":"https:\/\/copenhagensprint.com\/wp-content\/uploads\/2024\/06\/chp_loog.svg","width":1,"height":1,"caption":"Copenhagen Sprint"},"image":{"@id":"https:\/\/copenhagensprint.com\/en\/#\/schema\/logo\/image\/"},"sameAs":["https:\/\/www.facebook.com\/copenhagensprint","https:\/\/x.com\/cphsprint","https:\/\/www.instagram.com\/cphsprint\/"]}]}},"_links":{"self":[{"href":"https:\/\/copenhagensprint.com\/en\/wp-json\/wp\/v2\/pages\/227813","targetHints":{"allow":["GET"]}}],"collection":[{"href":"https:\/\/copenhagensprint.com\/en\/wp-json\/wp\/v2\/pages"}],"about":[{"href":"https:\/\/copenhagensprint.com\/en\/wp-json\/wp\/v2\/types\/page"}],"author":[{"embeddable":true,"href":"https:\/\/copenhagensprint.com\/en\/wp-json\/wp\/v2\/users\/5"}],"replies":[{"embeddable":true,"href":"https:\/\/copenhagensprint.com\/en\/wp-json\/wp\/v2\/comments?post=227813"}],"version-history":[{"count":2,"href":"https:\/\/copenhagensprint.com\/en\/wp-json\/wp\/v2\/pages\/227813\/revisions"}],"predecessor-version":[{"id":227815,"href":"https:\/\/copenhagensprint.com\/en\/wp-json\/wp\/v2\/pages\/227813\/revisions\/227815"}],"wp:featuredmedia":[{"embeddable":true,"href":"https:\/\/copenhagensprint.com\/en\/wp-json\/wp\/v2\/media\/226983"}],"wp:attachment":[{"href":"https:\/\/copenhagensprint.com\/en\/wp-json\/wp\/v2\/media?parent=227813"}],"curies":[{"name":"wp","href":"https:\/\/api.w.org\/{rel}","templated":true}]}}