{"id":228926,"date":"2026-04-14T08:48:35","date_gmt":"2026-04-14T06:48:35","guid":{"rendered":"https:\/\/copenhagensprint.com\/?page_id=228926"},"modified":"2026-04-14T08:52:51","modified_gmt":"2026-04-14T06:52:51","slug":"route","status":"publish","type":"page","link":"https:\/\/copenhagensprint.com\/en\/route\/","title":{"rendered":"Route 2026"},"content":{"rendered":"<p>[et_pb_section fb_built=&#8221;1&#8243; fullwidth=&#8221;on&#8221; _builder_version=&#8221;4.25.1&#8243; _module_preset=&#8221;default&#8221; global_colors_info=&#8221;{}&#8221;][et_pb_fullwidth_header title=&#8221;Race info&#8221; _builder_version=&#8221;4.27.4&#8243; _module_preset=&#8221;default&#8221; title_level=&#8221;h2&#8243; title_font=&#8221;|&#8211;et_global_heading_font_weight|||||||&#8221; title_text_align=&#8221;center&#8221; title_font_size=&#8221;60px&#8221; background_enable_color=&#8221;off&#8221; background_image=&#8221;https:\/\/copenhagensprint.com\/wp-content\/uploads\/2025\/08\/msa-20250622-CPH-sprint-022-2.jpg&#8221; background_position=&#8221;bottom_center&#8221; background_vertical_offset=&#8221;32%&#8221; custom_padding=&#8221;75px||75px||true|false&#8221; global_colors_info=&#8221;{}&#8221;][\/et_pb_fullwidth_header][\/et_pb_section][et_pb_section fb_built=&#8221;1&#8243; disabled_on=&#8221;on|on|off&#8221; _builder_version=&#8221;4.25.1&#8243; _module_preset=&#8221;default&#8221; background_color=&#8221;#000C2E&#8221; custom_margin=&#8221;0px||0px||true|false&#8221; custom_padding=&#8221;0px||0px||true|false&#8221; global_colors_info=&#8221;{}&#8221;][et_pb_row custom_padding_last_edited=&#8221;on|phone&#8221; _builder_version=&#8221;4.25.1&#8243; _module_preset=&#8221;default&#8221; custom_margin=&#8221;0px||0px||true|false&#8221; custom_padding=&#8221;0px||0px||true|false&#8221; custom_padding_tablet=&#8221;10px||10px||true|false&#8221; custom_padding_phone=&#8221;10px||10px||true|false&#8221; custom_css_main_element=&#8221;display: flex;&#8221; global_colors_info=&#8221;{}&#8221;][et_pb_column type=&#8221;4_4&#8243; _builder_version=&#8221;4.25.1&#8243; _module_preset=&#8221;default&#8221; global_colors_info=&#8221;{}&#8221; custom_css_main_element_last_edited=&#8221;on|phone&#8221; custom_css_main_element_tablet=&#8221;margin-bottom: 0px;&#8221; custom_css_main_element_phone=&#8221;margin-bottom: 0px;&#8221;][et_pb_menu menu_id=&#8221;27&#8243; menu_style=&#8221;centered&#8221; active_link_color=&#8221;#000C2E&#8221; dropdown_menu_bg_color=&#8221;#FFFFFF&#8221; dropdown_menu_line_color=&#8221;#00AB4C&#8221; dropdown_menu_text_color=&#8221;#000C2E&#8221; dropdown_menu_active_link_color=&#8221;#000C2E&#8221; mobile_menu_bg_color=&#8221;#FFFFFF&#8221; mobile_menu_text_color=&#8221;#000C2E&#8221; menu_icon_color=&#8221;#FFFFFF&#8221; module_class=&#8221;raceinfo-submenu&#8221; _builder_version=&#8221;4.25.1&#8243; _module_preset=&#8221;default&#8221; menu_font=&#8221;|700|||||||&#8221; menu_text_color=&#8221;#FFFFFF&#8221; menu_font_size=&#8221;16px&#8221; menu_letter_spacing=&#8221;0.2px&#8221; background_enable_color=&#8221;off&#8221; custom_margin=&#8221;0px||0px||true|false&#8221; custom_padding=&#8221;0px||0px||true|false&#8221; global_colors_info=&#8221;{}&#8221; menu_text_color__hover_enabled=&#8221;on|desktop&#8221; menu_text_color__hover=&#8221;#FFFFFF&#8221;][\/et_pb_menu][\/et_pb_column][\/et_pb_row][\/et_pb_section][et_pb_section fb_built=&#8221;1&#8243; custom_padding_last_edited=&#8221;on|phone&#8221; _builder_version=&#8221;4.25.1&#8243; _module_preset=&#8221;default&#8221; custom_padding=&#8221;25px||25px||true|false&#8221; custom_padding_tablet=&#8221;25px||25px||true|false&#8221; custom_padding_phone=&#8221;25px||25px||true|false&#8221; global_colors_info=&#8221;{}&#8221;][et_pb_row _builder_version=&#8221;4.27.4&#8243; _module_preset=&#8221;default&#8221; global_colors_info=&#8221;{}&#8221;][et_pb_column type=&#8221;4_4&#8243; _builder_version=&#8221;4.25.1&#8243; _module_preset=&#8221;default&#8221; global_colors_info=&#8221;{}&#8221;][et_pb_text _builder_version=&#8221;4.27.4&#8243; _module_preset=&#8221;default&#8221; header_font=&#8221;|&#8211;et_global_heading_font_weight|||||||&#8221; header_line_height=&#8221;1.5em&#8221; header_2_font=&#8221;|&#8211;et_global_heading_font_weight|||||||&#8221; header_2_font_size=&#8221;30px&#8221; header_2_line_height=&#8221;1.5em&#8221; width=&#8221;60%&#8221; width_tablet=&#8221;100%&#8221; width_phone=&#8221;100%&#8221; width_last_edited=&#8221;on|desktop&#8221; module_alignment=&#8221;center&#8221; global_colors_info=&#8221;{}&#8221;]<\/p>\n<h1>The 2026 route<\/h1>\n<p>[\/et_pb_text][et_pb_image src=&#8221;https:\/\/copenhagensprint.com\/wp-content\/uploads\/2026\/04\/CPHS_Kort_SoMe_DK_02_2026-03-scaled.jpg&#8221; _builder_version=&#8221;4.27.4&#8243; _module_preset=&#8221;default&#8221; title_text=&#8221;CPHS_Kort_SoMe_DK_02_2026-03&#8243; hover_enabled=&#8221;0&#8243; sticky_enabled=&#8221;0&#8243; max_width=&#8221;60%&#8221; module_alignment=&#8221;center&#8221; url=&#8221;https:\/\/copenhagensprint.com\/wp-content\/uploads\/2026\/04\/CPHS_Kort_SoMe_DK_02_2026-03-scaled.jpg&#8221;][\/et_pb_image][et_pb_text _builder_version=&#8221;4.27.4&#8243; _module_preset=&#8221;default&#8221; text_font=&#8221;|&#8211;et_global_heading_font_weight|||||||&#8221; text_line_height=&#8221;1.5em&#8221; header_font=&#8221;|&#8211;et_global_heading_font_weight|||||||&#8221; header_2_font=&#8221;|&#8211;et_global_heading_font_weight|||||||&#8221; header_2_font_size=&#8221;16px&#8221; header_2_line_height=&#8221;1.5em&#8221; width=&#8221;60%&#8221; width_tablet=&#8221;100%&#8221; width_phone=&#8221;100%&#8221; width_last_edited=&#8221;on|desktop&#8221; module_alignment=&#8221;center&#8221; hover_enabled=&#8221;0&#8243; global_colors_info=&#8221;{}&#8221; sticky_enabled=&#8221;0&#8243;]<\/p>\n<p>The Copenhagen Sprint will take place on 13 and 14 June 2026, starting at St\u00e6ndertorvet in Roskilde and finishing at the National Gallery of Denmark in Copenhagen.  <\/p>\n<p>[\/et_pb_text][et_pb_text _builder_version=&#8221;4.27.4&#8243; _module_preset=&#8221;default&#8221; header_font=&#8221;|&#8211;et_global_heading_font_weight|||||||&#8221; header_2_font=&#8221;|&#8211;et_global_heading_font_weight|||||||&#8221; header_2_font_size=&#8221;16px&#8221; header_2_line_height=&#8221;1.5em&#8221; width=&#8221;60%&#8221; width_tablet=&#8221;100%&#8221; width_phone=&#8221;100%&#8221; width_last_edited=&#8221;on|desktop&#8221; module_alignment=&#8221;center&#8221; hover_enabled=&#8221;0&#8243; global_colors_info=&#8221;{}&#8221; sticky_enabled=&#8221;0&#8243;]<\/p>\n<p>Once again, the route combines the landscapes of North Zealand with an intense finish in the streets of Copenhagen. The riders start in Roskilde and ride from here through North Zealand and Vestegnen, before the race is decided on a circuit in Copenhagen. This year, the start is from St\u00e6ndertorvet in Roskilde, and both the women&#8217;s and men&#8217;s races generally follow the same alignment as in 2025, with a few adjustments along the way.    <\/p>\n<p>In Copenhagen, the race ends on a 10 km circuit, where the riders this year drive in via Vigerslev All\u00e9.<\/p>\n<p><strong>Saturday d. 13\/6<br \/><\/strong>The women&#8217;s route is 156 km, of which approx. 125 km from Roskilde to Copenhagen followed by three laps on the circuit.<\/p>\n<p><strong>Sunday d. 14\/6<\/strong><br \/>The men&#8217;s route is 228.2 km, of which approx. 176 km goes from Roskilde to Copenhagen followed by five laps on the circuit.<\/p>\n<p>The route goes through the municipalities: Roskilde, Egedal, Frederikssund, Hiller\u00f8d, Fredensborg (Sunday only), Aller\u00f8d, Fures\u00f8, Ballerup, R\u00f8dovre, Br\u00f8ndby, Hvidovre and Copenhagen.<\/p>\n<p>[\/et_pb_text][et_pb_image src=&#8221;https:\/\/copenhagensprint.com\/wp-content\/uploads\/2026\/04\/CPHS_Cph_Kort_SoMe_DK_02_2026-03-scaled.jpg&#8221; _builder_version=&#8221;4.27.4&#8243; _module_preset=&#8221;default&#8221; title_text=&#8221;CPHS_Cph_Kort_SoMe_DK_02_2026-03&#8243; hover_enabled=&#8221;0&#8243; sticky_enabled=&#8221;0&#8243; max_width=&#8221;60%&#8221; module_alignment=&#8221;center&#8221; url=&#8221;https:\/\/copenhagensprint.com\/wp-content\/uploads\/2026\/04\/CPHS_Kort_SoMe_DK_02_2026-03-scaled.jpg&#8221;][\/et_pb_image][\/et_pb_column][\/et_pb_row][\/et_pb_section][et_pb_section fb_built=&#8221;1&#8243; custom_padding_last_edited=&#8221;on|desktop&#8221; _builder_version=&#8221;4.25.1&#8243; _module_preset=&#8221;default&#8221; background_color=&#8221;#0072CE&#8221; custom_padding_tablet=&#8221;40px||40px||true|false&#8221; custom_padding_phone=&#8221;20px||20px||true|false&#8221; global_colors_info=&#8221;{}&#8221;][et_pb_row column_structure=&#8221;1_3,1_3,1_3&#8243; _builder_version=&#8221;4.25.1&#8243; _module_preset=&#8221;default&#8221; custom_css_main_element=&#8221;display: flex;&#8221; global_colors_info=&#8221;{}&#8221; custom_css_main_element_last_edited=&#8221;on|desktop&#8221; custom_css_main_element_phone=&#8221;display: flex;||flex-direction: column;&#8221; custom_css_main_element_tablet=&#8221;display: flex;&#8221;][et_pb_column type=&#8221;1_3&#8243; _builder_version=&#8221;4.25.1&#8243; _module_preset=&#8221;default&#8221; global_colors_info=&#8221;{}&#8221;][et_pb_text _builder_version=&#8221;4.27.4&#8243; _module_preset=&#8221;default&#8221; text_font=&#8221;|&#8211;et_global_heading_font_weight|||||||&#8221; header_font=&#8221;|&#8211;et_global_heading_font_weight|||||||&#8221; header_2_font=&#8221;|&#8211;et_global_heading_font_weight|||||||&#8221; header_2_text_color=&#8221;#FFFFFF&#8221; header_2_font_size=&#8221;60px&#8221; header_4_font=&#8221;|&#8211;et_global_heading_font_weight|||||||&#8221; header_4_text_color=&#8221;#000C2E&#8221; header_4_font_size=&#8221;30px&#8221; text_orientation=&#8221;center&#8221; hover_enabled=&#8221;0&#8243; global_colors_info=&#8221;{}&#8221; sticky_enabled=&#8221;0&#8243;]<\/p>\n<h2>156<\/h2>\n<h4>Km\/women<\/h4>\n<p>[\/et_pb_text][\/et_pb_column][et_pb_column type=&#8221;1_3&#8243; _builder_version=&#8221;4.25.1&#8243; _module_preset=&#8221;default&#8221; global_colors_info=&#8221;{}&#8221;][et_pb_text _builder_version=&#8221;4.25.1&#8243; _module_preset=&#8221;default&#8221; text_font=&#8221;|&#8211;et_global_heading_font_weight|||||||&#8221; header_font=&#8221;|&#8211;et_global_heading_font_weight|||||||&#8221; header_2_font=&#8221;|&#8211;et_global_heading_font_weight|||||||&#8221; header_2_text_color=&#8221;#FFFFFF&#8221; header_2_font_size=&#8221;60px&#8221; header_4_font=&#8221;|&#8211;et_global_heading_font_weight|||||||&#8221; header_4_text_color=&#8221;#000C2E&#8221; header_4_font_size=&#8221;30px&#8221; text_orientation=&#8221;center&#8221; global_colors_info=&#8221;{}&#8221;]<\/p>\n<h2>2<\/h2>\n<h4>Days of festival<\/h4>\n<p>[\/et_pb_text][\/et_pb_column][et_pb_column type=&#8221;1_3&#8243; _builder_version=&#8221;4.25.1&#8243; _module_preset=&#8221;default&#8221; global_colors_info=&#8221;{}&#8221;][et_pb_text _builder_version=&#8221;4.25.1&#8243; _module_preset=&#8221;default&#8221; text_font=&#8221;|&#8211;et_global_heading_font_weight|||||||&#8221; header_font=&#8221;|&#8211;et_global_heading_font_weight|||||||&#8221; header_2_font=&#8221;|&#8211;et_global_heading_font_weight|||||||&#8221; header_2_text_color=&#8221;#FFFFFF&#8221; header_2_font_size=&#8221;60px&#8221; header_4_font=&#8221;|&#8211;et_global_heading_font_weight|||||||&#8221; header_4_text_color=&#8221;#000C2E&#8221; header_4_font_size=&#8221;30px&#8221; text_orientation=&#8221;center&#8221; global_colors_info=&#8221;{}&#8221;]<\/p>\n<h2>744.500<\/h2>\n<h4>Bicycles in CPH<\/h4>\n<p>[\/et_pb_text][\/et_pb_column][\/et_pb_row][\/et_pb_section][et_pb_section fb_built=&#8221;1&#8243; _builder_version=&#8221;4.25.1&#8243; _module_preset=&#8221;default&#8221; background_color=&#8221;#eff4f6&#8243; global_colors_info=&#8221;{}&#8221;][et_pb_row column_structure=&#8221;1_2,1_2&#8243; use_custom_gutter=&#8221;on&#8221; gutter_width=&#8221;4&#8243; make_equal=&#8221;on&#8221; _builder_version=&#8221;4.25.1&#8243; _module_preset=&#8221;default&#8221; max_width=&#8221;1100px&#8221; global_colors_info=&#8221;{}&#8221;][et_pb_column type=&#8221;1_2&#8243; _builder_version=&#8221;4.25.1&#8243; _module_preset=&#8221;default&#8221; background_color=&#8221;RGBA(255,255,255,0)&#8221; background_enable_image=&#8221;off&#8221; custom_padding_tablet=&#8221;&#8221; custom_padding_phone=&#8221;&#8221; custom_padding_last_edited=&#8221;on|desktop&#8221; global_colors_info=&#8221;{}&#8221; custom_css_main_element_last_edited=&#8221;on|desktop&#8221;][et_pb_image src=&#8221;https:\/\/copenhagensprint.com\/wp-content\/uploads\/2025\/08\/MarkTanggaard_2025_06_21_CopenhagenSprint_10.jpg&#8221; alt=&#8221;Become a partner&#8221; title_text=&#8221;Race for people in connection with CPH Sprint 2025&#8243; module_class=&#8221;cph-full-height-image-column&#8221; _builder_version=&#8221;4.27.4&#8243; _module_preset=&#8221;default&#8221; min_height=&#8221;375px&#8221; min_height_tablet=&#8221;350px&#8221; min_height_phone=&#8221;350px&#8221; min_height_last_edited=&#8221;on|desktop&#8221; global_colors_info=&#8221;{}&#8221;][\/et_pb_image][\/et_pb_column][et_pb_column type=&#8221;1_2&#8243; _builder_version=&#8221;4.25.1&#8243; _module_preset=&#8221;default&#8221; custom_css_main_element=&#8221;display: flex;||flex-direction: column;||justify-content: center;&#8221; global_colors_info=&#8221;{}&#8221;][et_pb_cta title=&#8221;Become a partner&#8221; button_url=&#8221;@ET-DC@eyJkeW5hbWljIjp0cnVlLCJjb250ZW50IjoicG9zdF9saW5rX3VybF9wYWdlIiwic2V0dGluZ3MiOnsicG9zdF9pZCI6IjY0NCJ9fQ==@&#8221; button_text=&#8221;Read more&#8221; _builder_version=&#8221;4.25.1&#8243; _dynamic_attributes=&#8221;button_url&#8221; _module_preset=&#8221;default&#8221; header_font=&#8221;|&#8211;et_global_heading_font_weight|||||||&#8221; header_text_color=&#8221;#000C2E&#8221; header_font_size=&#8221;30px&#8221; use_background_color=&#8221;off&#8221; text_orientation=&#8221;left&#8221; background_layout=&#8221;light&#8221; custom_margin_tablet=&#8221;||||false|false&#8221; custom_margin_phone=&#8221;||||false|false&#8221; custom_margin_last_edited=&#8221;on|phone&#8221; global_colors_info=&#8221;{}&#8221;]Contact us if you want to know more about the possibilities of a commercial partnership with Copenhagen Sprint.[\/et_pb_cta][\/et_pb_column][\/et_pb_row][\/et_pb_section]<\/p>\n","protected":false},"excerpt":{"rendered":"<p>The 2026 routeThe Copenhagen Sprint will take place on 13 and 14 June 2026, starting at St\u00e6ndertorvet in Roskilde and finishing at the National Gallery of Denmark in Copenhagen. Once [&hellip;]<\/p>\n","protected":false},"author":5,"featured_media":0,"parent":0,"menu_order":0,"comment_status":"closed","ping_status":"closed","template":"","meta":{"_acf_changed":false,"_et_pb_use_builder":"on","_et_pb_old_content":"","_et_gb_content_width":"","inline_featured_image":false,"footnotes":""},"class_list":["post-228926","page","type-page","status-publish","hentry"],"acf":[],"yoast_head":"<!-- This site is optimized with the Yoast SEO plugin v24.6 - https:\/\/yoast.com\/wordpress\/plugins\/seo\/ -->\n<title>The route<\/title>\n<meta name=\"description\" content=\"The Copenhagen Sprint will take place on 21 and 22 June 2025, starting at the Viking Museum in Roskilde and finishing at the National Gallery of Denmark in Copenhagen.\" \/>\n<meta name=\"robots\" content=\"index, follow, max-snippet:-1, max-image-preview:large, max-video-preview:-1\" \/>\n<link rel=\"canonical\" href=\"https:\/\/copenhagensprint.com\/en\/route\/\" \/>\n<meta property=\"og:locale\" content=\"en_US\" \/>\n<meta property=\"og:type\" content=\"article\" \/>\n<meta property=\"og:title\" content=\"The route\" \/>\n<meta property=\"og:description\" content=\"The Copenhagen Sprint will take place on 21 and 22 June 2025, starting at the Viking Museum in Roskilde and finishing at the National Gallery of Denmark in Copenhagen.\" \/>\n<meta property=\"og:url\" content=\"https:\/\/copenhagensprint.com\/en\/route\/\" \/>\n<meta property=\"og:site_name\" content=\"Copenhagen Sprint\" \/>\n<meta property=\"article:publisher\" content=\"https:\/\/www.facebook.com\/copenhagensprint\" \/>\n<meta property=\"article:modified_time\" content=\"2026-04-14T06:52:51+00:00\" \/>\n<meta property=\"og:image\" content=\"https:\/\/copenhagensprint.com\/wp-content\/uploads\/2024\/06\/OpenGraph-Copenhagen-sprint-1024x538.webp\" \/>\n<meta name=\"twitter:card\" content=\"summary_large_image\" \/>\n<meta name=\"twitter:site\" content=\"@cphsprint\" \/>\n<meta name=\"twitter:label1\" content=\"Est. reading time\" \/>\n\t<meta name=\"twitter:data1\" content=\"2 minutes\" \/>\n<script type=\"application\/ld+json\" class=\"yoast-schema-graph\">{\"@context\":\"https:\/\/schema.org\",\"@graph\":[{\"@type\":\"WebPage\",\"@id\":\"https:\/\/copenhagensprint.com\/en\/route\/\",\"url\":\"https:\/\/copenhagensprint.com\/en\/route\/\",\"name\":\"The route\",\"isPartOf\":{\"@id\":\"https:\/\/copenhagensprint.com\/en\/#website\"},\"datePublished\":\"2026-04-14T06:48:35+00:00\",\"dateModified\":\"2026-04-14T06:52:51+00:00\",\"description\":\"The Copenhagen Sprint will take place on 21 and 22 June 2025, starting at the Viking Museum in Roskilde and finishing at the National Gallery of Denmark in Copenhagen.\",\"breadcrumb\":{\"@id\":\"https:\/\/copenhagensprint.com\/en\/route\/#breadcrumb\"},\"inLanguage\":\"en-US\",\"potentialAction\":[{\"@type\":\"ReadAction\",\"target\":[\"https:\/\/copenhagensprint.com\/en\/route\/\"]}]},{\"@type\":\"BreadcrumbList\",\"@id\":\"https:\/\/copenhagensprint.com\/en\/route\/#breadcrumb\",\"itemListElement\":[{\"@type\":\"ListItem\",\"position\":1,\"name\":\"Home\",\"item\":\"https:\/\/copenhagensprint.com\/en\/\"},{\"@type\":\"ListItem\",\"position\":2,\"name\":\"Route 2026\"}]},{\"@type\":\"WebSite\",\"@id\":\"https:\/\/copenhagensprint.com\/en\/#website\",\"url\":\"https:\/\/copenhagensprint.com\/en\/\",\"name\":\"Copenhagen Sprint\",\"description\":\"World Tour-cykell\u00f8b\",\"publisher\":{\"@id\":\"https:\/\/copenhagensprint.com\/en\/#organization\"},\"potentialAction\":[{\"@type\":\"SearchAction\",\"target\":{\"@type\":\"EntryPoint\",\"urlTemplate\":\"https:\/\/copenhagensprint.com\/en\/?s={search_term_string}\"},\"query-input\":{\"@type\":\"PropertyValueSpecification\",\"valueRequired\":true,\"valueName\":\"search_term_string\"}}],\"inLanguage\":\"en-US\"},{\"@type\":\"Organization\",\"@id\":\"https:\/\/copenhagensprint.com\/en\/#organization\",\"name\":\"Copenhagen Sprint\",\"url\":\"https:\/\/copenhagensprint.com\/en\/\",\"logo\":{\"@type\":\"ImageObject\",\"inLanguage\":\"en-US\",\"@id\":\"https:\/\/copenhagensprint.com\/en\/#\/schema\/logo\/image\/\",\"url\":\"https:\/\/copenhagensprint.com\/wp-content\/uploads\/2024\/06\/chp_loog.svg\",\"contentUrl\":\"https:\/\/copenhagensprint.com\/wp-content\/uploads\/2024\/06\/chp_loog.svg\",\"width\":1,\"height\":1,\"caption\":\"Copenhagen Sprint\"},\"image\":{\"@id\":\"https:\/\/copenhagensprint.com\/en\/#\/schema\/logo\/image\/\"},\"sameAs\":[\"https:\/\/www.facebook.com\/copenhagensprint\",\"https:\/\/x.com\/cphsprint\",\"https:\/\/www.instagram.com\/cphsprint\/\"]}]}<\/script>\n<!-- \/ Yoast SEO plugin. -->","yoast_head_json":{"title":"The route","description":"The Copenhagen Sprint will take place on 21 and 22 June 2025, starting at the Viking Museum in Roskilde and finishing at the National Gallery of Denmark in Copenhagen.","robots":{"index":"index","follow":"follow","max-snippet":"max-snippet:-1","max-image-preview":"max-image-preview:large","max-video-preview":"max-video-preview:-1"},"canonical":"https:\/\/copenhagensprint.com\/en\/route\/","og_locale":"en_US","og_type":"article","og_title":"The route","og_description":"The Copenhagen Sprint will take place on 21 and 22 June 2025, starting at the Viking Museum in Roskilde and finishing at the National Gallery of Denmark in Copenhagen.","og_url":"https:\/\/copenhagensprint.com\/en\/route\/","og_site_name":"Copenhagen Sprint","article_publisher":"https:\/\/www.facebook.com\/copenhagensprint","article_modified_time":"2026-04-14T06:52:51+00:00","og_image":[{"url":"https:\/\/copenhagensprint.com\/wp-content\/uploads\/2024\/06\/OpenGraph-Copenhagen-sprint-1024x538.webp","type":"","width":"","height":""}],"twitter_card":"summary_large_image","twitter_site":"@cphsprint","twitter_misc":{"Est. reading time":"2 minutes"},"schema":{"@context":"https:\/\/schema.org","@graph":[{"@type":"WebPage","@id":"https:\/\/copenhagensprint.com\/en\/route\/","url":"https:\/\/copenhagensprint.com\/en\/route\/","name":"The route","isPartOf":{"@id":"https:\/\/copenhagensprint.com\/en\/#website"},"datePublished":"2026-04-14T06:48:35+00:00","dateModified":"2026-04-14T06:52:51+00:00","description":"The Copenhagen Sprint will take place on 21 and 22 June 2025, starting at the Viking Museum in Roskilde and finishing at the National Gallery of Denmark in Copenhagen.","breadcrumb":{"@id":"https:\/\/copenhagensprint.com\/en\/route\/#breadcrumb"},"inLanguage":"en-US","potentialAction":[{"@type":"ReadAction","target":["https:\/\/copenhagensprint.com\/en\/route\/"]}]},{"@type":"BreadcrumbList","@id":"https:\/\/copenhagensprint.com\/en\/route\/#breadcrumb","itemListElement":[{"@type":"ListItem","position":1,"name":"Home","item":"https:\/\/copenhagensprint.com\/en\/"},{"@type":"ListItem","position":2,"name":"Route 2026"}]},{"@type":"WebSite","@id":"https:\/\/copenhagensprint.com\/en\/#website","url":"https:\/\/copenhagensprint.com\/en\/","name":"Copenhagen Sprint","description":"World Tour-cykell\u00f8b","publisher":{"@id":"https:\/\/copenhagensprint.com\/en\/#organization"},"potentialAction":[{"@type":"SearchAction","target":{"@type":"EntryPoint","urlTemplate":"https:\/\/copenhagensprint.com\/en\/?s={search_term_string}"},"query-input":{"@type":"PropertyValueSpecification","valueRequired":true,"valueName":"search_term_string"}}],"inLanguage":"en-US"},{"@type":"Organization","@id":"https:\/\/copenhagensprint.com\/en\/#organization","name":"Copenhagen Sprint","url":"https:\/\/copenhagensprint.com\/en\/","logo":{"@type":"ImageObject","inLanguage":"en-US","@id":"https:\/\/copenhagensprint.com\/en\/#\/schema\/logo\/image\/","url":"https:\/\/copenhagensprint.com\/wp-content\/uploads\/2024\/06\/chp_loog.svg","contentUrl":"https:\/\/copenhagensprint.com\/wp-content\/uploads\/2024\/06\/chp_loog.svg","width":1,"height":1,"caption":"Copenhagen Sprint"},"image":{"@id":"https:\/\/copenhagensprint.com\/en\/#\/schema\/logo\/image\/"},"sameAs":["https:\/\/www.facebook.com\/copenhagensprint","https:\/\/x.com\/cphsprint","https:\/\/www.instagram.com\/cphsprint\/"]}]}},"_links":{"self":[{"href":"https:\/\/copenhagensprint.com\/en\/wp-json\/wp\/v2\/pages\/228926","targetHints":{"allow":["GET"]}}],"collection":[{"href":"https:\/\/copenhagensprint.com\/en\/wp-json\/wp\/v2\/pages"}],"about":[{"href":"https:\/\/copenhagensprint.com\/en\/wp-json\/wp\/v2\/types\/page"}],"author":[{"embeddable":true,"href":"https:\/\/copenhagensprint.com\/en\/wp-json\/wp\/v2\/users\/5"}],"replies":[{"embeddable":true,"href":"https:\/\/copenhagensprint.com\/en\/wp-json\/wp\/v2\/comments?post=228926"}],"version-history":[{"count":7,"href":"https:\/\/copenhagensprint.com\/en\/wp-json\/wp\/v2\/pages\/228926\/revisions"}],"predecessor-version":[{"id":229022,"href":"https:\/\/copenhagensprint.com\/en\/wp-json\/wp\/v2\/pages\/228926\/revisions\/229022"}],"wp:attachment":[{"href":"https:\/\/copenhagensprint.com\/en\/wp-json\/wp\/v2\/media?parent=228926"}],"curies":[{"name":"wp","href":"https:\/\/api.w.org\/{rel}","templated":true}]}}