{"id":229033,"date":"2026-04-13T20:31:30","date_gmt":"2026-04-13T18:31:30","guid":{"rendered":"https:\/\/copenhagensprint.com\/traffic-info-copenhagen\/"},"modified":"2026-04-14T10:47:18","modified_gmt":"2026-04-14T08:47:18","slug":"traffic-info-copenhagen","status":"publish","type":"page","link":"https:\/\/copenhagensprint.com\/en\/traffic-info-copenhagen\/","title":{"rendered":"Traffic info Copenhagen"},"content":{"rendered":"<p>[et_pb_section fb_built=&#8221;1&#8243; _builder_version=&#8221;4.27.4&#8243; _module_preset=&#8221;default&#8221; background_image=&#8221;https:\/\/copenhagensprint.com\/wp-content\/uploads\/2025\/08\/20250622-cph-sprint-2045.jpg&#8221; background_position=&#8221;top_center&#8221; background_vertical_offset=&#8221;66%&#8221; background_enable_video_mp4=&#8221;off&#8221; height=&#8221;52vh&#8221; height_tablet=&#8221;35vh&#8221; height_phone=&#8221;30vh&#8221; height_last_edited=&#8221;on|phone&#8221; custom_padding=&#8221;68px|||||&#8221; global_colors_info=&#8221;{}&#8221;][\/et_pb_section][et_pb_section fb_built=&#8221;1&#8243; _builder_version=&#8221;4.25.1&#8243; _module_preset=&#8221;default&#8221; global_colors_info=&#8221;{}&#8221;][et_pb_row _builder_version=&#8221;4.27.4&#8243; _module_preset=&#8221;default&#8221; width=&#8221;auto&#8221; width_tablet=&#8221;auto&#8221; width_phone=&#8221;auto&#8221; width_last_edited=&#8221;on|desktop&#8221; global_colors_info=&#8221;{}&#8221;][et_pb_column type=&#8221;4_4&#8243; _builder_version=&#8221;4.25.1&#8243; _module_preset=&#8221;default&#8221; global_colors_info=&#8221;{}&#8221;][et_pb_text _builder_version=&#8221;4.27.4&#8243; _module_preset=&#8221;default&#8221; header_font=&#8221;|&#8211;et_global_heading_font_weight|||||||&#8221; header_line_height=&#8221;1.2em&#8221; header_2_font=&#8221;|&#8211;et_global_heading_font_weight|||||||&#8221; header_2_font_size=&#8221;30px&#8221; header_2_line_height=&#8221;1.2em&#8221; width=&#8221;60%&#8221; width_tablet=&#8221;100%&#8221; width_phone=&#8221;100%&#8221; width_last_edited=&#8221;on|tablet&#8221; max_width_tablet=&#8221;&#8221; max_width_phone=&#8221;&#8221; max_width_last_edited=&#8221;on|desktop&#8221; module_alignment=&#8221;center&#8221; global_colors_info=&#8221;{}&#8221;]<\/p>\n<h1>Traffic info for Copenhagen<\/h1>\n<p>[\/et_pb_text][et_pb_text _builder_version=&#8221;4.27.4&#8243; _module_preset=&#8221;default&#8221; header_2_font=&#8221;|&#8211;et_global_heading_font_weight|||||||&#8221; header_2_font_size=&#8221;16px&#8221; header_2_line_height=&#8221;1.5em&#8221; width=&#8221;60%&#8221; width_tablet=&#8221;100%&#8221; width_phone=&#8221;100%&#8221; width_last_edited=&#8221;on|phone&#8221; max_width_tablet=&#8221;100%&#8221; max_width_phone=&#8221;100%&#8221; max_width_last_edited=&#8221;on|desktop&#8221; module_alignment=&#8221;center&#8221; global_colors_info=&#8221;{}&#8221;]<\/p>\n<p>Copenhagen Sprint 2026 will be held over two days: on Saturday 13 June, the women will run and on Sunday, 14 June, the men will run.  <\/p>\n<p>[\/et_pb_text][et_pb_button button_url=&#8221;https:\/\/copenhagensprint.com\/en\/traffic-faq\/&#8221; button_text=&#8221;GO TO THE TRAFFIC FAQ HERE&#8221; button_alignment=&#8221;center&#8221; _builder_version=&#8221;4.27.4&#8243; _module_preset=&#8221;default&#8221; global_colors_info=&#8221;{}&#8221;][\/et_pb_button][et_pb_text _builder_version=&#8221;4.27.4&#8243; _module_preset=&#8221;default&#8221; header_2_font=&#8221;|&#8211;et_global_heading_font_weight|||||||&#8221; header_2_font_size=&#8221;16px&#8221; header_2_line_height=&#8221;1.5em&#8221; max_width=&#8221;60%&#8221; max_width_tablet=&#8221;100%&#8221; max_width_phone=&#8221;100%&#8221; max_width_last_edited=&#8221;on|desktop&#8221; module_alignment=&#8221;center&#8221; global_colors_info=&#8221;{}&#8221;]<\/p>\n<p><strong><\/strong><\/p>\n<p><strong>INTERACTIVE ROUTE MAP<\/strong><\/p>\n<p><strong><\/strong>Here you can zoom in and out and select the information that is relevant to you.<\/p>\n<p>[\/et_pb_text][et_pb_button button_url=&#8221;https:\/\/map-copenhagensprint.panditest.dk\/&#8221; url_new_window=&#8221;on&#8221; button_text=&#8221;SEE INTERACTIVE TRAFFIC MAP FOR COPENHAGEN HERE&#8221; button_alignment=&#8221;center&#8221; _builder_version=&#8221;4.27.4&#8243; _module_preset=&#8221;default&#8221; global_colors_info=&#8221;{}&#8221;][\/et_pb_button][et_pb_text _builder_version=&#8221;4.27.4&#8243; _module_preset=&#8221;default&#8221; header_2_font=&#8221;|&#8211;et_global_heading_font_weight|||||||&#8221; header_2_font_size=&#8221;16px&#8221; header_2_line_height=&#8221;1.5em&#8221; width=&#8221;60%&#8221; width_tablet=&#8221;100%&#8221; width_phone=&#8221;100%&#8221; width_last_edited=&#8221;on|phone&#8221; max_width_tablet=&#8221;100%&#8221; max_width_phone=&#8221;100%&#8221; max_width_last_edited=&#8221;on|desktop&#8221; module_alignment=&#8221;center&#8221; hover_enabled=&#8221;0&#8243; global_colors_info=&#8221;{}&#8221; sticky_enabled=&#8221;0&#8243;]<\/p>\n<p><strong>The route<\/strong> starts in Roskilde at St\u00e6ndertorvet and goes north to Frederikssund, through Hiller\u00f8d and Fredensborg and then down past Fures\u00f8en through Ballerup. The route enters Copenhagen via Vigerslev All\u00e9 and the riders hit the route&#8217;s circuit in Copenhagen close to the City Hall Square. The finish line is at the National Gallery of Denmark in Copenhagen.<\/p>\n<p><strong>In Copenhagen<\/strong> , traffic will be extra affected, as the circuit is closed from Saturday at 06:00 to Sunday evening at 20:00. The finish area on S\u00f8lvgade will be closed to traffic already from Friday 12 June at 12.00 to Sunday at 22.00.<br \/>There are seven traffic locks in Copenhagen where cars can pass. The locks are closed on Saturday 13 June from 13:00 to 17:30 and Sunday 14 June from 10:00 to 16:30.<br \/>There is a ban on stopping and parking along the entire circuit from Friday 12 June at 12:00 until Sunday 14 June at 22:00.<\/p>\n<p><strong><br \/>We recommend the following to road users and citizens:<\/strong><\/p>\n<ul>\n<li>Do not park on the route.<\/li>\n<li>Check Rejseplanen if you are going to travel by public transport.<span style=\"text-decoration: line-through;\"><\/span><\/li>\n<li>Check current traffic information before you leave and plan your trip before you head out.<\/li>\n<li>Listen to the radio and get reports about the traffic situation from DR P4 Traffic while you drive.<\/li>\n<li>Plan your trip if you&#8217;re going to see bike races \u2013 and use the bike or metro if possible.<\/li>\n<li>Take advantage of the motorways, which are open all weekend.<\/li>\n<\/ul>\n<p><strong> <\/strong><\/p>\n<p><strong>PUBLIC TRANSPORT<\/strong><\/p>\n<p><strong>Buses<br \/><\/strong>In connection with the bike race, there will be temporary changes in bus traffic. Some buses will be held back in traffic locks, which may cause delays. In addition, some departures may be cancelled and some bus routes may be rescheduled. Make sure to set aside extra time and plan your trip well in advance.<\/p>\n<p>Find more information on <a href=\"http:\/\/www.dinoffentligetransport.dk%20\">www.dinoffentligetransport.dk <\/a><\/p>\n<p><strong>Use the Itinerary<br \/><\/strong>You can use Rejseplanen.dk to plan your trip \u2013 it will be up to date with all changes.<\/p>\n<p>&nbsp;<\/p>\n<p><strong>Save money on public transport<\/strong><br \/>You can buy an event ticket for public transport \u2013 here one adult can bring two children under the age of 12 for free, and the ticket is valid for 12 hours. You can buy <a href=\"https:\/\/dinoffentligetransport.dk\/eventbillet\">the event ticket here<\/a> or in the &#8220;DOT Tickets&#8221; app (NOTE the event ticket does not cover Roskilde).<\/p>\n<p>[\/et_pb_text][et_pb_text _builder_version=&#8221;4.27.4&#8243; _module_preset=&#8221;default&#8221; header_2_font=&#8221;|&#8211;et_global_heading_font_weight|||||||&#8221; header_2_font_size=&#8221;16px&#8221; header_2_line_height=&#8221;1.5em&#8221; max_width=&#8221;60%&#8221; max_width_tablet=&#8221;100%&#8221; max_width_phone=&#8221;100%&#8221; max_width_last_edited=&#8221;on|desktop&#8221; module_alignment=&#8221;center&#8221; global_colors_info=&#8221;{}&#8221;]<\/p>\n<p><em><\/em><\/p>\n<p><em><\/em><\/p>\n<p><em><\/em><\/p>\n<p><em>We reserve the right to change.<\/em><\/p>\n<p>If you have any questions, you can contact us at: <a href=\"mailto:traffic@copenhagensprint.com\">traffic@copenhagensprint.com<\/a><br \/>We check the email regularly and get back to you as soon as possible.<\/p>\n<p>From Monday 1 June, it will be possible to call our telephone hotline on 2223 8333<\/p>\n<p>The opening hours are:<\/p>\n<p><u>Telephone hotline:  <\/u><\/p>\n<p>June 1-5, 10-16<\/p>\n<p>June 8-12, 10-16<\/p>\n<p>June 13-14, 7-6 p.m.<\/p>\n<p>&nbsp;<\/p>\n<p>[\/et_pb_text][\/et_pb_column][\/et_pb_row][\/et_pb_section]<\/p>\n","protected":false},"excerpt":{"rendered":"<p>Traffic info for CopenhagenCopenhagen Sprint 2026 will be held over two days: on Saturday 13 June, the women will run and on Sunday, 14 June, the men will run. INTERACTIVE [&hellip;]<\/p>\n","protected":false},"author":12,"featured_media":228288,"parent":0,"menu_order":0,"comment_status":"closed","ping_status":"closed","template":"","meta":{"_acf_changed":false,"_et_pb_use_builder":"on","_et_pb_old_content":"","_et_gb_content_width":"","inline_featured_image":false,"footnotes":""},"class_list":["post-229033","page","type-page","status-publish","has-post-thumbnail","hentry"],"acf":[],"yoast_head":"<!-- This site is optimized with the Yoast SEO plugin v24.6 - https:\/\/yoast.com\/wordpress\/plugins\/seo\/ -->\n<title>Traffic info Copenhagen - Copenhagen Sprint<\/title>\n<meta name=\"description\" content=\"This is how traffic in Copenhagen will be affected during the Copenhagen Sprint 2026 on 13 and 14 June. See crossings and traffic locks.\" \/>\n<meta name=\"robots\" content=\"index, follow, max-snippet:-1, max-image-preview:large, max-video-preview:-1\" \/>\n<link rel=\"canonical\" href=\"https:\/\/copenhagensprint.com\/en\/traffic-info-copenhagen\/\" \/>\n<meta property=\"og:locale\" content=\"en_US\" \/>\n<meta property=\"og:type\" content=\"article\" \/>\n<meta property=\"og:title\" content=\"Traffic info Copenhagen - Copenhagen Sprint\" \/>\n<meta property=\"og:description\" content=\"This is how traffic in Copenhagen will be affected during the Copenhagen Sprint 2026 on 13 and 14 June. See crossings and traffic locks.\" \/>\n<meta property=\"og:url\" content=\"https:\/\/copenhagensprint.com\/en\/traffic-info-copenhagen\/\" \/>\n<meta property=\"og:site_name\" content=\"Copenhagen Sprint\" \/>\n<meta property=\"article:publisher\" content=\"https:\/\/www.facebook.com\/copenhagensprint\" \/>\n<meta property=\"article:modified_time\" content=\"2026-04-14T08:47:18+00:00\" \/>\n<meta property=\"og:image\" content=\"https:\/\/copenhagensprint.com\/wp-content\/uploads\/2025\/08\/20250622-cph-sprint-2045-1024x683.jpg\" \/>\n\t<meta property=\"og:image:width\" content=\"1024\" \/>\n\t<meta property=\"og:image:height\" content=\"683\" \/>\n\t<meta property=\"og:image:type\" content=\"image\/jpeg\" \/>\n<meta name=\"twitter:card\" content=\"summary_large_image\" \/>\n<meta name=\"twitter:site\" content=\"@cphsprint\" \/>\n<meta name=\"twitter:label1\" content=\"Est. reading time\" \/>\n\t<meta name=\"twitter:data1\" content=\"5 minutes\" \/>\n<script type=\"application\/ld+json\" class=\"yoast-schema-graph\">{\"@context\":\"https:\/\/schema.org\",\"@graph\":[{\"@type\":\"WebPage\",\"@id\":\"https:\/\/copenhagensprint.com\/en\/traffic-info-copenhagen\/\",\"url\":\"https:\/\/copenhagensprint.com\/en\/traffic-info-copenhagen\/\",\"name\":\"Traffic info Copenhagen - Copenhagen Sprint\",\"isPartOf\":{\"@id\":\"https:\/\/copenhagensprint.com\/en\/#website\"},\"primaryImageOfPage\":{\"@id\":\"https:\/\/copenhagensprint.com\/en\/traffic-info-copenhagen\/#primaryimage\"},\"image\":{\"@id\":\"https:\/\/copenhagensprint.com\/en\/traffic-info-copenhagen\/#primaryimage\"},\"thumbnailUrl\":\"https:\/\/copenhagensprint.com\/wp-content\/uploads\/2025\/08\/20250622-cph-sprint-2045.jpg\",\"datePublished\":\"2026-04-13T18:31:30+00:00\",\"dateModified\":\"2026-04-14T08:47:18+00:00\",\"description\":\"This is how traffic in Copenhagen will be affected during the Copenhagen Sprint 2026 on 13 and 14 June. See crossings and traffic locks.\",\"breadcrumb\":{\"@id\":\"https:\/\/copenhagensprint.com\/en\/traffic-info-copenhagen\/#breadcrumb\"},\"inLanguage\":\"en-US\",\"potentialAction\":[{\"@type\":\"ReadAction\",\"target\":[\"https:\/\/copenhagensprint.com\/en\/traffic-info-copenhagen\/\"]}]},{\"@type\":\"ImageObject\",\"inLanguage\":\"en-US\",\"@id\":\"https:\/\/copenhagensprint.com\/en\/traffic-info-copenhagen\/#primaryimage\",\"url\":\"https:\/\/copenhagensprint.com\/wp-content\/uploads\/2025\/08\/20250622-cph-sprint-2045.jpg\",\"contentUrl\":\"https:\/\/copenhagensprint.com\/wp-content\/uploads\/2025\/08\/20250622-cph-sprint-2045.jpg\",\"width\":2400,\"height\":1600,\"caption\":\"Men's race, Copenhagen Sprint 2025\"},{\"@type\":\"BreadcrumbList\",\"@id\":\"https:\/\/copenhagensprint.com\/en\/traffic-info-copenhagen\/#breadcrumb\",\"itemListElement\":[{\"@type\":\"ListItem\",\"position\":1,\"name\":\"Home\",\"item\":\"https:\/\/copenhagensprint.com\/en\/\"},{\"@type\":\"ListItem\",\"position\":2,\"name\":\"Traffic info Copenhagen\"}]},{\"@type\":\"WebSite\",\"@id\":\"https:\/\/copenhagensprint.com\/en\/#website\",\"url\":\"https:\/\/copenhagensprint.com\/en\/\",\"name\":\"Copenhagen Sprint\",\"description\":\"World Tour-cykell\u00f8b\",\"publisher\":{\"@id\":\"https:\/\/copenhagensprint.com\/en\/#organization\"},\"potentialAction\":[{\"@type\":\"SearchAction\",\"target\":{\"@type\":\"EntryPoint\",\"urlTemplate\":\"https:\/\/copenhagensprint.com\/en\/?s={search_term_string}\"},\"query-input\":{\"@type\":\"PropertyValueSpecification\",\"valueRequired\":true,\"valueName\":\"search_term_string\"}}],\"inLanguage\":\"en-US\"},{\"@type\":\"Organization\",\"@id\":\"https:\/\/copenhagensprint.com\/en\/#organization\",\"name\":\"Copenhagen Sprint\",\"url\":\"https:\/\/copenhagensprint.com\/en\/\",\"logo\":{\"@type\":\"ImageObject\",\"inLanguage\":\"en-US\",\"@id\":\"https:\/\/copenhagensprint.com\/en\/#\/schema\/logo\/image\/\",\"url\":\"https:\/\/copenhagensprint.com\/wp-content\/uploads\/2024\/06\/chp_loog.svg\",\"contentUrl\":\"https:\/\/copenhagensprint.com\/wp-content\/uploads\/2024\/06\/chp_loog.svg\",\"width\":1,\"height\":1,\"caption\":\"Copenhagen Sprint\"},\"image\":{\"@id\":\"https:\/\/copenhagensprint.com\/en\/#\/schema\/logo\/image\/\"},\"sameAs\":[\"https:\/\/www.facebook.com\/copenhagensprint\",\"https:\/\/x.com\/cphsprint\",\"https:\/\/www.instagram.com\/cphsprint\/\"]}]}<\/script>\n<!-- \/ Yoast SEO plugin. -->","yoast_head_json":{"title":"Traffic info Copenhagen - Copenhagen Sprint","description":"This is how traffic in Copenhagen will be affected during the Copenhagen Sprint 2026 on 13 and 14 June. See crossings and traffic locks.","robots":{"index":"index","follow":"follow","max-snippet":"max-snippet:-1","max-image-preview":"max-image-preview:large","max-video-preview":"max-video-preview:-1"},"canonical":"https:\/\/copenhagensprint.com\/en\/traffic-info-copenhagen\/","og_locale":"en_US","og_type":"article","og_title":"Traffic info Copenhagen - Copenhagen Sprint","og_description":"This is how traffic in Copenhagen will be affected during the Copenhagen Sprint 2026 on 13 and 14 June. See crossings and traffic locks.","og_url":"https:\/\/copenhagensprint.com\/en\/traffic-info-copenhagen\/","og_site_name":"Copenhagen Sprint","article_publisher":"https:\/\/www.facebook.com\/copenhagensprint","article_modified_time":"2026-04-14T08:47:18+00:00","og_image":[{"width":1024,"height":683,"url":"https:\/\/copenhagensprint.com\/wp-content\/uploads\/2025\/08\/20250622-cph-sprint-2045-1024x683.jpg","type":"image\/jpeg"}],"twitter_card":"summary_large_image","twitter_site":"@cphsprint","twitter_misc":{"Est. reading time":"5 minutes"},"schema":{"@context":"https:\/\/schema.org","@graph":[{"@type":"WebPage","@id":"https:\/\/copenhagensprint.com\/en\/traffic-info-copenhagen\/","url":"https:\/\/copenhagensprint.com\/en\/traffic-info-copenhagen\/","name":"Traffic info Copenhagen - Copenhagen Sprint","isPartOf":{"@id":"https:\/\/copenhagensprint.com\/en\/#website"},"primaryImageOfPage":{"@id":"https:\/\/copenhagensprint.com\/en\/traffic-info-copenhagen\/#primaryimage"},"image":{"@id":"https:\/\/copenhagensprint.com\/en\/traffic-info-copenhagen\/#primaryimage"},"thumbnailUrl":"https:\/\/copenhagensprint.com\/wp-content\/uploads\/2025\/08\/20250622-cph-sprint-2045.jpg","datePublished":"2026-04-13T18:31:30+00:00","dateModified":"2026-04-14T08:47:18+00:00","description":"This is how traffic in Copenhagen will be affected during the Copenhagen Sprint 2026 on 13 and 14 June. See crossings and traffic locks.","breadcrumb":{"@id":"https:\/\/copenhagensprint.com\/en\/traffic-info-copenhagen\/#breadcrumb"},"inLanguage":"en-US","potentialAction":[{"@type":"ReadAction","target":["https:\/\/copenhagensprint.com\/en\/traffic-info-copenhagen\/"]}]},{"@type":"ImageObject","inLanguage":"en-US","@id":"https:\/\/copenhagensprint.com\/en\/traffic-info-copenhagen\/#primaryimage","url":"https:\/\/copenhagensprint.com\/wp-content\/uploads\/2025\/08\/20250622-cph-sprint-2045.jpg","contentUrl":"https:\/\/copenhagensprint.com\/wp-content\/uploads\/2025\/08\/20250622-cph-sprint-2045.jpg","width":2400,"height":1600,"caption":"Men's race, Copenhagen Sprint 2025"},{"@type":"BreadcrumbList","@id":"https:\/\/copenhagensprint.com\/en\/traffic-info-copenhagen\/#breadcrumb","itemListElement":[{"@type":"ListItem","position":1,"name":"Home","item":"https:\/\/copenhagensprint.com\/en\/"},{"@type":"ListItem","position":2,"name":"Traffic info Copenhagen"}]},{"@type":"WebSite","@id":"https:\/\/copenhagensprint.com\/en\/#website","url":"https:\/\/copenhagensprint.com\/en\/","name":"Copenhagen Sprint","description":"World Tour-cykell\u00f8b","publisher":{"@id":"https:\/\/copenhagensprint.com\/en\/#organization"},"potentialAction":[{"@type":"SearchAction","target":{"@type":"EntryPoint","urlTemplate":"https:\/\/copenhagensprint.com\/en\/?s={search_term_string}"},"query-input":{"@type":"PropertyValueSpecification","valueRequired":true,"valueName":"search_term_string"}}],"inLanguage":"en-US"},{"@type":"Organization","@id":"https:\/\/copenhagensprint.com\/en\/#organization","name":"Copenhagen Sprint","url":"https:\/\/copenhagensprint.com\/en\/","logo":{"@type":"ImageObject","inLanguage":"en-US","@id":"https:\/\/copenhagensprint.com\/en\/#\/schema\/logo\/image\/","url":"https:\/\/copenhagensprint.com\/wp-content\/uploads\/2024\/06\/chp_loog.svg","contentUrl":"https:\/\/copenhagensprint.com\/wp-content\/uploads\/2024\/06\/chp_loog.svg","width":1,"height":1,"caption":"Copenhagen Sprint"},"image":{"@id":"https:\/\/copenhagensprint.com\/en\/#\/schema\/logo\/image\/"},"sameAs":["https:\/\/www.facebook.com\/copenhagensprint","https:\/\/x.com\/cphsprint","https:\/\/www.instagram.com\/cphsprint\/"]}]}},"_links":{"self":[{"href":"https:\/\/copenhagensprint.com\/en\/wp-json\/wp\/v2\/pages\/229033","targetHints":{"allow":["GET"]}}],"collection":[{"href":"https:\/\/copenhagensprint.com\/en\/wp-json\/wp\/v2\/pages"}],"about":[{"href":"https:\/\/copenhagensprint.com\/en\/wp-json\/wp\/v2\/types\/page"}],"author":[{"embeddable":true,"href":"https:\/\/copenhagensprint.com\/en\/wp-json\/wp\/v2\/users\/12"}],"replies":[{"embeddable":true,"href":"https:\/\/copenhagensprint.com\/en\/wp-json\/wp\/v2\/comments?post=229033"}],"version-history":[{"count":6,"href":"https:\/\/copenhagensprint.com\/en\/wp-json\/wp\/v2\/pages\/229033\/revisions"}],"predecessor-version":[{"id":229071,"href":"https:\/\/copenhagensprint.com\/en\/wp-json\/wp\/v2\/pages\/229033\/revisions\/229071"}],"wp:featuredmedia":[{"embeddable":true,"href":"https:\/\/copenhagensprint.com\/en\/wp-json\/wp\/v2\/media\/228288"}],"wp:attachment":[{"href":"https:\/\/copenhagensprint.com\/en\/wp-json\/wp\/v2\/media?parent=229033"}],"curies":[{"name":"wp","href":"https:\/\/api.w.org\/{rel}","templated":true}]}}