{"id":229239,"date":"2025-06-18T14:30:24","date_gmt":"2025-06-18T12:30:24","guid":{"rendered":"https:\/\/copenhagensprint.com\/?page_id=229239"},"modified":"2026-04-23T13:05:24","modified_gmt":"2026-04-23T11:05:24","slug":"festival","status":"publish","type":"page","link":"https:\/\/copenhagensprint.com\/en\/festival\/","title":{"rendered":"Festival"},"content":{"rendered":"<p>[et_pb_section fb_built=&#8221;1&#8243; _builder_version=&#8221;4.27.4&#8243; _module_preset=&#8221;default&#8221; background_image=&#8221;https:\/\/copenhagensprint.com\/wp-content\/uploads\/2025\/08\/1920&#215;1080-website-15.jpg&#8221; background_position=&#8221;top_center&#8221; background_vertical_offset=&#8221;42%&#8221; background_enable_video_mp4=&#8221;off&#8221; height=&#8221;52vh&#8221; height_tablet=&#8221;35vh&#8221; height_phone=&#8221;30vh&#8221; height_last_edited=&#8221;on|phone&#8221; global_colors_info=&#8221;{}&#8221; theme_builder_area=&#8221;post_content&#8221;][\/et_pb_section][et_pb_section fb_built=&#8221;1&#8243; _builder_version=&#8221;4.25.1&#8243; _module_preset=&#8221;default&#8221; global_colors_info=&#8221;{}&#8221; theme_builder_area=&#8221;post_content&#8221;][et_pb_row _builder_version=&#8221;4.27.4&#8243; _module_preset=&#8221;default&#8221; global_colors_info=&#8221;{}&#8221; theme_builder_area=&#8221;post_content&#8221;][et_pb_column type=&#8221;4_4&#8243; _builder_version=&#8221;4.25.1&#8243; _module_preset=&#8221;default&#8221; global_colors_info=&#8221;{}&#8221; theme_builder_area=&#8221;post_content&#8221;][et_pb_text _builder_version=&#8221;4.27.4&#8243; _module_preset=&#8221;default&#8221; header_font=&#8221;|&#8211;et_global_heading_font_weight|||||||&#8221; header_line_height=&#8221;1.2em&#8221; header_2_font=&#8221;|&#8211;et_global_heading_font_weight|||||||&#8221; header_2_font_size=&#8221;30px&#8221; header_2_line_height=&#8221;1.2em&#8221; max_width=&#8221;60%&#8221; max_width_tablet=&#8221;100%&#8221; max_width_phone=&#8221;100%&#8221; max_width_last_edited=&#8221;on|desktop&#8221; module_alignment=&#8221;center&#8221; global_colors_info=&#8221;{}&#8221; theme_builder_area=&#8221;post_content&#8221;]<\/p>\n<h1>Festival in \u00d8stre Anl\u00e6g<\/h1>\n<p>[\/et_pb_text][et_pb_text _builder_version=&#8221;4.27.4&#8243; _module_preset=&#8221;default&#8221; header_2_font=&#8221;|&#8211;et_global_heading_font_weight|||||||&#8221; header_2_font_size=&#8221;16px&#8221; header_2_line_height=&#8221;1.5em&#8221; max_width=&#8221;60%&#8221; max_width_tablet=&#8221;100%&#8221; max_width_phone=&#8221;100%&#8221; max_width_last_edited=&#8221;on|desktop&#8221; module_alignment=&#8221;center&#8221; global_colors_info=&#8221;{}&#8221; theme_builder_area=&#8221;post_content&#8221;]<\/p>\n<p><strong>Experience the joy of cycling in all its forms<\/strong> as the whole family is invited to a cycling festival in \u00d8stre Anl\u00e6g on June 13\u201314. A weekend where culture, sport, and community come together in the heart of Copenhagen. Two days packed with fun activities, shows, music, and a shared love of cycling.<\/p>\n<p>The festival program offers something for all ages\u2014from kids\u2019 races and e-cycling to shows and concerts. The entire family can join creative workshops, enjoy great food experiences, and watch performances together. Highlights from the race will be shown on a big screen both days, while the park buzzes with play and activity.<\/p>\n<p><strong>Explore the festival areas:<\/strong><\/p>\n<p><strong>The Stage<\/strong><br \/>This is where festival guests gather for live music, children\u2019s entertainment, and shows.<br \/>The program will be announced in early May.<\/p>\n<p><strong>Big Screen &amp; Street Food<\/strong><br \/>Take a break in the green surroundings, sit down on a blanket, and follow the highlights of the race on the big screen while elite cyclists ride from Roskilde to Copenhagen. Explore the food stalls or bring your own picnic.<\/p>\n<p><strong>The Tempo Tent<\/strong><br \/>Visit the Tempo Tent, filled with sharp minds, geeky enthusiasm, and imagination.<br \/>The program will be announced in early May.<\/p>\n<p><strong>Cycling Activities for All Ages<\/strong><br \/>Whether you\u2019re three or sixty, there will be plenty of fun activities and experiences at the festival grounds.<br \/>The program will be announced in early May.<\/p>\n<p><strong>Finish Area \u2013 feel the rush of elite cyclists<\/strong><br \/>Follow along as the elite cyclists sprint to the finish in S\u00f8lvgade. Expect high energy, cheering crowds, and the chance to experience the sport up close\u2014right where it all culminates.<\/p>\n<p>[\/et_pb_text][\/et_pb_column][\/et_pb_row][\/et_pb_section]<\/p>\n","protected":false},"excerpt":{"rendered":"<p>Festival in \u00d8stre Anl\u00e6gExperience the joy of cycling in all its forms as the whole family is invited to a cycling festival in \u00d8stre Anl\u00e6g on June 13\u201314. A weekend [&hellip;]<\/p>\n","protected":false},"author":5,"featured_media":226453,"parent":0,"menu_order":0,"comment_status":"closed","ping_status":"closed","template":"","meta":{"_acf_changed":false,"_et_pb_use_builder":"on","_et_pb_old_content":"","_et_gb_content_width":"","inline_featured_image":false,"footnotes":""},"class_list":["post-229239","page","type-page","status-publish","has-post-thumbnail","hentry"],"acf":[],"yoast_head":"<!-- This site is optimized with the Yoast SEO plugin v24.6 - https:\/\/yoast.com\/wordpress\/plugins\/seo\/ -->\n<title>Festival - Copenhagen Sprint<\/title>\n<meta name=\"robots\" content=\"index, follow, max-snippet:-1, max-image-preview:large, max-video-preview:-1\" \/>\n<link rel=\"canonical\" href=\"https:\/\/copenhagensprint.com\/en\/festival\/\" \/>\n<meta property=\"og:locale\" content=\"en_US\" \/>\n<meta property=\"og:type\" content=\"article\" \/>\n<meta property=\"og:title\" content=\"Festival - Copenhagen Sprint\" \/>\n<meta property=\"og:description\" content=\"Festival in \u00d8stre Anl\u00e6gExperience the joy of cycling in all its forms as the whole family is invited to a cycling festival in \u00d8stre Anl\u00e6g on June 13\u201314. A weekend [&hellip;]\" \/>\n<meta property=\"og:url\" content=\"https:\/\/copenhagensprint.com\/en\/festival\/\" \/>\n<meta property=\"og:site_name\" content=\"Copenhagen Sprint\" \/>\n<meta property=\"article:publisher\" content=\"https:\/\/www.facebook.com\/copenhagensprint\" \/>\n<meta property=\"article:modified_time\" content=\"2026-04-23T11:05:24+00:00\" \/>\n<meta property=\"og:image\" content=\"https:\/\/copenhagensprint.com\/wp-content\/uploads\/2025\/03\/final8118-1.jpg\" \/>\n\t<meta property=\"og:image:width\" content=\"1772\" \/>\n\t<meta property=\"og:image:height\" content=\"1182\" \/>\n\t<meta property=\"og:image:type\" content=\"image\/jpeg\" \/>\n<meta name=\"twitter:card\" content=\"summary_large_image\" \/>\n<meta name=\"twitter:site\" content=\"@cphsprint\" \/>\n<meta name=\"twitter:label1\" content=\"Est. reading time\" \/>\n\t<meta name=\"twitter:data1\" content=\"2 minutes\" \/>\n<script type=\"application\/ld+json\" class=\"yoast-schema-graph\">{\"@context\":\"https:\/\/schema.org\",\"@graph\":[{\"@type\":\"WebPage\",\"@id\":\"https:\/\/copenhagensprint.com\/en\/festival\/\",\"url\":\"https:\/\/copenhagensprint.com\/en\/festival\/\",\"name\":\"Festival - Copenhagen Sprint\",\"isPartOf\":{\"@id\":\"https:\/\/copenhagensprint.com\/en\/#website\"},\"primaryImageOfPage\":{\"@id\":\"https:\/\/copenhagensprint.com\/en\/festival\/#primaryimage\"},\"image\":{\"@id\":\"https:\/\/copenhagensprint.com\/en\/festival\/#primaryimage\"},\"thumbnailUrl\":\"https:\/\/copenhagensprint.com\/wp-content\/uploads\/2025\/03\/final8118-1.jpg\",\"datePublished\":\"2025-06-18T12:30:24+00:00\",\"dateModified\":\"2026-04-23T11:05:24+00:00\",\"breadcrumb\":{\"@id\":\"https:\/\/copenhagensprint.com\/en\/festival\/#breadcrumb\"},\"inLanguage\":\"en-US\",\"potentialAction\":[{\"@type\":\"ReadAction\",\"target\":[\"https:\/\/copenhagensprint.com\/en\/festival\/\"]}]},{\"@type\":\"ImageObject\",\"inLanguage\":\"en-US\",\"@id\":\"https:\/\/copenhagensprint.com\/en\/festival\/#primaryimage\",\"url\":\"https:\/\/copenhagensprint.com\/wp-content\/uploads\/2025\/03\/final8118-1.jpg\",\"contentUrl\":\"https:\/\/copenhagensprint.com\/wp-content\/uploads\/2025\/03\/final8118-1.jpg\",\"width\":1772,\"height\":1182},{\"@type\":\"BreadcrumbList\",\"@id\":\"https:\/\/copenhagensprint.com\/en\/festival\/#breadcrumb\",\"itemListElement\":[{\"@type\":\"ListItem\",\"position\":1,\"name\":\"Home\",\"item\":\"https:\/\/copenhagensprint.com\/en\/\"},{\"@type\":\"ListItem\",\"position\":2,\"name\":\"Festival\"}]},{\"@type\":\"WebSite\",\"@id\":\"https:\/\/copenhagensprint.com\/en\/#website\",\"url\":\"https:\/\/copenhagensprint.com\/en\/\",\"name\":\"Copenhagen Sprint\",\"description\":\"World Tour-cykell\u00f8b\",\"publisher\":{\"@id\":\"https:\/\/copenhagensprint.com\/en\/#organization\"},\"potentialAction\":[{\"@type\":\"SearchAction\",\"target\":{\"@type\":\"EntryPoint\",\"urlTemplate\":\"https:\/\/copenhagensprint.com\/en\/?s={search_term_string}\"},\"query-input\":{\"@type\":\"PropertyValueSpecification\",\"valueRequired\":true,\"valueName\":\"search_term_string\"}}],\"inLanguage\":\"en-US\"},{\"@type\":\"Organization\",\"@id\":\"https:\/\/copenhagensprint.com\/en\/#organization\",\"name\":\"Copenhagen Sprint\",\"url\":\"https:\/\/copenhagensprint.com\/en\/\",\"logo\":{\"@type\":\"ImageObject\",\"inLanguage\":\"en-US\",\"@id\":\"https:\/\/copenhagensprint.com\/en\/#\/schema\/logo\/image\/\",\"url\":\"https:\/\/copenhagensprint.com\/wp-content\/uploads\/2024\/06\/chp_loog.svg\",\"contentUrl\":\"https:\/\/copenhagensprint.com\/wp-content\/uploads\/2024\/06\/chp_loog.svg\",\"width\":1,\"height\":1,\"caption\":\"Copenhagen Sprint\"},\"image\":{\"@id\":\"https:\/\/copenhagensprint.com\/en\/#\/schema\/logo\/image\/\"},\"sameAs\":[\"https:\/\/www.facebook.com\/copenhagensprint\",\"https:\/\/x.com\/cphsprint\",\"https:\/\/www.instagram.com\/cphsprint\/\"]}]}<\/script>\n<!-- \/ Yoast SEO plugin. -->","yoast_head_json":{"title":"Festival - Copenhagen Sprint","robots":{"index":"index","follow":"follow","max-snippet":"max-snippet:-1","max-image-preview":"max-image-preview:large","max-video-preview":"max-video-preview:-1"},"canonical":"https:\/\/copenhagensprint.com\/en\/festival\/","og_locale":"en_US","og_type":"article","og_title":"Festival - Copenhagen Sprint","og_description":"Festival in \u00d8stre Anl\u00e6gExperience the joy of cycling in all its forms as the whole family is invited to a cycling festival in \u00d8stre Anl\u00e6g on June 13\u201314. A weekend [&hellip;]","og_url":"https:\/\/copenhagensprint.com\/en\/festival\/","og_site_name":"Copenhagen Sprint","article_publisher":"https:\/\/www.facebook.com\/copenhagensprint","article_modified_time":"2026-04-23T11:05:24+00:00","og_image":[{"width":1772,"height":1182,"url":"https:\/\/copenhagensprint.com\/wp-content\/uploads\/2025\/03\/final8118-1.jpg","type":"image\/jpeg"}],"twitter_card":"summary_large_image","twitter_site":"@cphsprint","twitter_misc":{"Est. reading time":"2 minutes"},"schema":{"@context":"https:\/\/schema.org","@graph":[{"@type":"WebPage","@id":"https:\/\/copenhagensprint.com\/en\/festival\/","url":"https:\/\/copenhagensprint.com\/en\/festival\/","name":"Festival - Copenhagen Sprint","isPartOf":{"@id":"https:\/\/copenhagensprint.com\/en\/#website"},"primaryImageOfPage":{"@id":"https:\/\/copenhagensprint.com\/en\/festival\/#primaryimage"},"image":{"@id":"https:\/\/copenhagensprint.com\/en\/festival\/#primaryimage"},"thumbnailUrl":"https:\/\/copenhagensprint.com\/wp-content\/uploads\/2025\/03\/final8118-1.jpg","datePublished":"2025-06-18T12:30:24+00:00","dateModified":"2026-04-23T11:05:24+00:00","breadcrumb":{"@id":"https:\/\/copenhagensprint.com\/en\/festival\/#breadcrumb"},"inLanguage":"en-US","potentialAction":[{"@type":"ReadAction","target":["https:\/\/copenhagensprint.com\/en\/festival\/"]}]},{"@type":"ImageObject","inLanguage":"en-US","@id":"https:\/\/copenhagensprint.com\/en\/festival\/#primaryimage","url":"https:\/\/copenhagensprint.com\/wp-content\/uploads\/2025\/03\/final8118-1.jpg","contentUrl":"https:\/\/copenhagensprint.com\/wp-content\/uploads\/2025\/03\/final8118-1.jpg","width":1772,"height":1182},{"@type":"BreadcrumbList","@id":"https:\/\/copenhagensprint.com\/en\/festival\/#breadcrumb","itemListElement":[{"@type":"ListItem","position":1,"name":"Home","item":"https:\/\/copenhagensprint.com\/en\/"},{"@type":"ListItem","position":2,"name":"Festival"}]},{"@type":"WebSite","@id":"https:\/\/copenhagensprint.com\/en\/#website","url":"https:\/\/copenhagensprint.com\/en\/","name":"Copenhagen Sprint","description":"World Tour-cykell\u00f8b","publisher":{"@id":"https:\/\/copenhagensprint.com\/en\/#organization"},"potentialAction":[{"@type":"SearchAction","target":{"@type":"EntryPoint","urlTemplate":"https:\/\/copenhagensprint.com\/en\/?s={search_term_string}"},"query-input":{"@type":"PropertyValueSpecification","valueRequired":true,"valueName":"search_term_string"}}],"inLanguage":"en-US"},{"@type":"Organization","@id":"https:\/\/copenhagensprint.com\/en\/#organization","name":"Copenhagen Sprint","url":"https:\/\/copenhagensprint.com\/en\/","logo":{"@type":"ImageObject","inLanguage":"en-US","@id":"https:\/\/copenhagensprint.com\/en\/#\/schema\/logo\/image\/","url":"https:\/\/copenhagensprint.com\/wp-content\/uploads\/2024\/06\/chp_loog.svg","contentUrl":"https:\/\/copenhagensprint.com\/wp-content\/uploads\/2024\/06\/chp_loog.svg","width":1,"height":1,"caption":"Copenhagen Sprint"},"image":{"@id":"https:\/\/copenhagensprint.com\/en\/#\/schema\/logo\/image\/"},"sameAs":["https:\/\/www.facebook.com\/copenhagensprint","https:\/\/x.com\/cphsprint","https:\/\/www.instagram.com\/cphsprint\/"]}]}},"_links":{"self":[{"href":"https:\/\/copenhagensprint.com\/en\/wp-json\/wp\/v2\/pages\/229239","targetHints":{"allow":["GET"]}}],"collection":[{"href":"https:\/\/copenhagensprint.com\/en\/wp-json\/wp\/v2\/pages"}],"about":[{"href":"https:\/\/copenhagensprint.com\/en\/wp-json\/wp\/v2\/types\/page"}],"author":[{"embeddable":true,"href":"https:\/\/copenhagensprint.com\/en\/wp-json\/wp\/v2\/users\/5"}],"replies":[{"embeddable":true,"href":"https:\/\/copenhagensprint.com\/en\/wp-json\/wp\/v2\/comments?post=229239"}],"version-history":[{"count":7,"href":"https:\/\/copenhagensprint.com\/en\/wp-json\/wp\/v2\/pages\/229239\/revisions"}],"predecessor-version":[{"id":229253,"href":"https:\/\/copenhagensprint.com\/en\/wp-json\/wp\/v2\/pages\/229239\/revisions\/229253"}],"wp:featuredmedia":[{"embeddable":true,"href":"https:\/\/copenhagensprint.com\/en\/wp-json\/wp\/v2\/media\/226453"}],"wp:attachment":[{"href":"https:\/\/copenhagensprint.com\/en\/wp-json\/wp\/v2\/media?parent=229239"}],"curies":[{"name":"wp","href":"https:\/\/api.w.org\/{rel}","templated":true}]}}